{"id":159,"date":"2019-01-24T14:21:55","date_gmt":"2019-01-24T14:21:55","guid":{"rendered":"http:\/\/foldkerules.hu\/wpfold\/?page_id=159"},"modified":"2019-01-24T14:38:37","modified_gmt":"2019-01-24T14:38:37","slug":"foldkerulok","status":"publish","type":"page","link":"https:\/\/foldkerules.hu\/wpfold\/foldkerulok\/","title":{"rendered":"L\u00e9gr\u00e1di M\u00e1rk Vitorl\u00e1s f\u00f6ldker\u00fcl\u00e9s"},"content":{"rendered":"\t\t<div data-elementor-type=\"post\" data-elementor-id=\"159\" class=\"elementor elementor-159\" data-elementor-settings=\"[]\">\n\t\t\t<div class=\"elementor-inner\">\n\t\t\t\t<div class=\"elementor-section-wrap\">\n\t\t\t\t\t\t\t<section data-id=\"2159a19b\" class=\"elementor-element elementor-element-2159a19b elementor-section-full_width elementor-section-height-full elementor-section-height-default elementor-section-items-middle elementor-section elementor-top-section\" data-settings=\"{&quot;background_background&quot;:&quot;classic&quot;}\" data-element_type=\"section\">\n\t\t\t\t\t\t\t<div class=\"elementor-background-overlay\"><\/div>\n\t\t\t\t\t\t\t<div class=\"elementor-container elementor-column-gap-default\">\n\t\t\t\t<div class=\"elementor-row\">\n\t\t\t\t<div data-id=\"6543466a\" class=\"elementor-element elementor-element-6543466a elementor-column elementor-col-100 elementor-top-column\" data-element_type=\"column\">\n\t\t\t<div class=\"elementor-column-wrap\">\n\t\t\t\t\t<div class=\"elementor-widget-wrap\">\n\t\t\t\t\t\t<\/div>\n\t\t\t<\/div>\n\t\t<\/div>\n\t\t\t\t\t\t<\/div>\n\t\t\t<\/div>\n\t\t<\/section>\n\t\t\t\t<section data-id=\"22883924\" class=\"elementor-element elementor-element-22883924 elementor-section-boxed elementor-section-height-default elementor-section-height-default elementor-section elementor-top-section\" data-element_type=\"section\">\n\t\t\t\t\t\t<div class=\"elementor-container elementor-column-gap-default\">\n\t\t\t\t<div class=\"elementor-row\">\n\t\t\t\t<div data-id=\"3bfe8590\" class=\"elementor-element elementor-element-3bfe8590 elementor-column elementor-col-66 elementor-top-column\" data-element_type=\"column\">\n\t\t\t<div class=\"elementor-column-wrap  elementor-element-populated\">\n\t\t\t\t\t<div class=\"elementor-widget-wrap\">\n\t\t\t\t\t\t<\/div>\n\t\t\t<\/div>\n\t\t<\/div>\n\t\t\t\t<div data-id=\"374452fb\" class=\"elementor-element elementor-element-374452fb elementor-column elementor-col-33 elementor-top-column\" data-element_type=\"column\">\n\t\t\t<div class=\"elementor-column-wrap  elementor-element-populated\">\n\t\t\t\t\t<div class=\"elementor-widget-wrap\">\n\t\t\t\t<div data-id=\"5265d549\" class=\"elementor-element elementor-element-5265d549 elementor-widget elementor-widget-html\" data-element_type=\"html.default\">\n\t\t\t\t<div class=\"elementor-widget-container\">\n\t\t\t<a href=\"http:\/\/www.foldkerules.hu\/\" target=\"_blank\"><img src=\"http:\/\/www.foldkerules.hu\/logok\/hu_flag.png\" class=\"hu_flag\" alt=\"Vitorl\u00e1s F\u00f6ldker\u00fcl\u00e9s\"><\/a>\n\n<a href=\"http:\/\/www.foldkerules.hu\/\" target=\"_blank\"><img src=\"http:\/\/www.foldkerules.hu\/logok\/en_flag.png\" class=\"en_flag\" alt=\"Sailing circumnavigation\"><\/a>\n\n<a href=\"http:\/\/www.foldkerules.hu\/deutsch\/segelfahrt_um_die_erde.html\" target=\"_blank\"><img src=\"http:\/\/www.foldkerules.hu\/logok\/de_flag.png\" class=\"de_flag\" alt=\"Segelfahrt um die Erde 2016-2019, Die Erdumseglung f\u00fcr ein edeles Ziel\"><\/a>\n\n<a href=\"http:\/\/www.foldkerules.hu\/espanol\/vuelta_al_mundo_a_vela.html\" target=\"_blank\"><img src=\"http:\/\/www.foldkerules.hu\/logok\/esp_flag.png\" class=\"esp_flag\" alt=\"Vuelta al Mundo a Vela 2016-2019!\"><\/a>\n\n<a href=\"http:\/\/www.foldkerules.hu\/translate_german_spanish_frenchrussian_italian.html\" target=\"_blank\"><img src=\"http:\/\/www.foldkerules.hu\/logok\/fr_flag.png\" class=\"fr_flag\" alt=\"Sailing circumnavigation\"><\/a>\n\n<a href=\"http:\/\/www.foldkerules.hu\/italiano\/giro_del_mondo_in_barca_a_vela.html\" target=\"_blank\"><img src=\"http:\/\/www.foldkerules.hu\/logok\/it_flag.png\" class=\"it_flag\" alt=\"Giro del mondo in barca a vela 2016-2019\"><\/a>\n\n<a href=\"http:\/\/www.foldkerules.hu\/translate_german_spanish_frenchrussian_italian.html\" target=\"_blank\"><img src=\"http:\/\/www.foldkerules.hu\/logok\/rus_flag.png\" class=\"rus_flag\" alt=\"Sailing circumnavigation\"><\/a>\n\t\t<\/div>\n\t\t\t\t<\/div>\n\t\t\t\t\t\t<\/div>\n\t\t\t<\/div>\n\t\t<\/div>\n\t\t\t\t\t\t<\/div>\n\t\t\t<\/div>\n\t\t<\/section>\n\t\t\t\t<section data-id=\"e746cda\" class=\"elementor-element elementor-element-e746cda elementor-section-boxed elementor-section-height-default elementor-section-height-default elementor-section elementor-top-section\" data-element_type=\"section\">\n\t\t\t\t\t\t<div class=\"elementor-container elementor-column-gap-default\">\n\t\t\t\t<div class=\"elementor-row\">\n\t\t\t\t<div data-id=\"f90a772\" class=\"elementor-element elementor-element-f90a772 elementor-column elementor-col-66 elementor-top-column\" data-element_type=\"column\">\n\t\t\t<div class=\"elementor-column-wrap  elementor-element-populated\">\n\t\t\t\t\t<div class=\"elementor-widget-wrap\">\n\t\t\t\t<div data-id=\"6130f56a\" class=\"elementor-element elementor-element-6130f56a elementor-widget elementor-widget-html\" data-element_type=\"html.default\">\n\t\t\t\t<div class=\"elementor-widget-container\">\n\t\t\t\n<a href=\"http:\/\/www.foldkerules.hu\/kabin_foglaltsag_szakaszok_kiirasa.php\" target=\"_blank\"><img src=\"http:\/\/www.foldkerules.hu\/reklamcsik\/interju.png\" class=\"reklam_1\"><\/a>\t\t<\/div>\n\t\t\t\t<\/div>\n\t\t\t\t<div data-id=\"1fe75461\" class=\"elementor-element elementor-element-1fe75461 elementor-widget elementor-widget-spacer\" data-element_type=\"spacer.default\">\n\t\t\t\t<div class=\"elementor-widget-container\">\n\t\t\t\t\t<div class=\"elementor-spacer\">\n\t\t\t<div class=\"elementor-spacer-inner\"><\/div>\n\t\t<\/div>\n\t\t\t\t<\/div>\n\t\t\t\t<\/div>\n\t\t\t\t<div data-id=\"64ba9000\" class=\"elementor-element elementor-element-64ba9000 elementor-widget elementor-widget-text-editor\" data-element_type=\"text-editor.default\">\n\t\t\t\t<div class=\"elementor-widget-container\">\n\t\t\t\t\t<div class=\"elementor-text-editor elementor-clearfix\"><p><span class=\"kepkeretszoveg\"><b>L\u00e9gr\u00e1di M\u00e1rk<\/b><br \/><br \/><strong>1978-ban<\/strong> sz\u00fclettem. Sz\u00fcleim r\u00e9v\u00e9n ismerkedtem meg a haj\u00f3z\u00e1s vil\u00e1g\u00e1val, \u00e9s ez a szerelem hat\u00e9ves korom \u00f3ta tart, az\u00f3ta vitorl\u00e1zok. (Optimist kishaj\u00f3, kal\u00f3z vitorl\u00e1s haj\u00f3, k\u00e9s\u00f5bb nagy haj\u00f3kkal.) <br \/><br \/><strong>2000-ben<\/strong> megszereztem a tengeri \u201eB\u201d jogos\u00edtv\u00e1nyt, a k\u00f6vetkez\u00f5 \u00e9vekben 27\u201328 hetet t\u00f6lt\u00f6ttem tengeren: oktat\u00e1s, versenyek \u00e9s t\u00far\u00e1k k\u00f6vetkeztek. <br \/><br \/><strong>2005-ben<\/strong> megszereztem a legmagasabb tengeri civil jogos\u00edtv\u00e1nyt a spliti haj\u00f3z\u00e1si egyetemen: a <strong><span style=\"color: #004080;\">Yacht Master k\u00e9pes\u00edt\u00e9st<\/span><\/strong>. <br \/>Mellette \u00e9vi 2\u20133 h\u00f3napot a Balatonon t\u00f6lt\u00f6ttem oktat\u00e1ssal. <br \/>Mindig fontos volt sz\u00e1momra az \u00f6nzetlens\u00e9g, a seg\u00edts\u00e9gny\u00fajt\u00e1s, \u00edgy j\u00f6tt az \u00f6tlet, hogy lehet\u00f5s\u00e9get adjak s\u00e9r\u00fclt gyerekeknek balatoni vitorl\u00e1z\u00e1sra. <\/span><\/p><\/div>\n\t\t\t\t<\/div>\n\t\t\t\t<\/div>\n\t\t\t\t\t\t<\/div>\n\t\t\t<\/div>\n\t\t<\/div>\n\t\t\t\t<div data-id=\"32597968\" class=\"elementor-element elementor-element-32597968 elementor-column elementor-col-33 elementor-top-column\" data-element_type=\"column\">\n\t\t\t<div class=\"elementor-column-wrap  elementor-element-populated\">\n\t\t\t\t\t<div class=\"elementor-widget-wrap\">\n\t\t\t\t<div data-id=\"67b9ce6c\" class=\"elementor-element elementor-element-67b9ce6c elementor-widget elementor-widget-html\" data-element_type=\"html.default\">\n\t\t\t\t<div class=\"elementor-widget-container\">\n\t\t\t<SCRIPT>\nvar Kepek = new Array(16);\nKepek[0] = \"http:\/\/www.foldkerules.hu\/foldkerules\/tamogatok_random0.png\";\nKepek[1] = \"http:\/\/www.foldkerules.hu\/foldkerules\/tamogatok_random0.png\";\nKepek[2] = \"http:\/\/www.foldkerules.hu\/foldkerules\/tamogatok_random0.png\";\nKepek[3] = \"http:\/\/www.foldkerules.hu\/foldkerules\/tamogatok_random0.png\";\nKepek[4] = \"http:\/\/www.foldkerules.hu\/foldkerules\/tamogatok_random1.png\";\nKepek[5] = \"http:\/\/www.foldkerules.hu\/foldkerules\/tamogatok_random2.png\";\nKepek[6] = \"http:\/\/www.foldkerules.hu\/foldkerules\/tamogatok_random3.png\";\nKepek[7] = \"http:\/\/www.foldkerules.hu\/foldkerules\/tamogatok_random4.png\";\nKepek[8] = \"http:\/\/www.foldkerules.hu\/foldkerules\/tamogatok_random5.png\";\nKepek[9] = \"http:\/\/www.foldkerules.hu\/foldkerules\/tamogatok_random6.png\";\nKepek[10] = \"http:\/\/www.foldkerules.hu\/foldkerules\/tamogatok_random7.png\";\nKepek[11] = \"http:\/\/www.foldkerules.hu\/foldkerules\/tamogatok_random8.png\";\nKepek[12] = \"http:\/\/www.foldkerules.hu\/foldkerules\/tamogatok_random9.png\";\nKepek[13] = \"http:\/\/www.foldkerules.hu\/foldkerules\/tamogatok_random10.png\";\nKepek[14] = \"http:\/\/www.foldkerules.hu\/foldkerules\/tamogatok_random11.png\";\nKepek[15] = \"http:\/\/www.foldkerules.hu\/foldkerules\/tamogatok_random12.png\";\nKepek[16] = \"http:\/\/www.foldkerules.hu\/foldkerules\/tamogatok_random13.png\";\nvar szlo = 0;\nfunction Kepcsere()\n{\nszlo = (szlo + 1) % 17;\ndocument.formocska.kepecske.src = Kepek[szlo];\nsetTimeout(\"Kepcsere()\",2000);\n\n\n}\n<\/SCRIPT>\n\n\n\n<a href=\"http:\/\/www.foldkerules.hu\/foldkerules_tamogatok.html\"><div class=\"css_slideshow\">\n<FORM name = formocska>\n<IMG Name=\"kepecske\" Src=\"foldkerules\/tamogatok_random.png\">\n<\/FORM>\n<SCRIPT>\nKepcsere();\n<\/SCRIPT>\n  <\/div> <\/a>\t\t<\/div>\n\t\t\t\t<\/div>\n\t\t\t\t<div data-id=\"7e05832\" class=\"elementor-element elementor-element-7e05832 elementor-widget elementor-widget-html\" data-element_type=\"html.default\">\n\t\t\t\t<div class=\"elementor-widget-container\">\n\t\t\t\n<a href=\"http:\/\/www.foldkerules.hu\/blog\/\" target=\"_blank\"><img src=\"http:\/\/www.foldkerules.hu\/foldkerules\/gyermekek_tamogatasa_friss_hirek_a_foldkerulesrol.png\" class=\"friss_hirek_blog\" ><\/a>\t\t<\/div>\n\t\t\t\t<\/div>\n\t\t\t\t\t\t<\/div>\n\t\t\t<\/div>\n\t\t<\/div>\n\t\t\t\t\t\t<\/div>\n\t\t\t<\/div>\n\t\t<\/section>\n\t\t\t\t<section data-id=\"16b742f3\" class=\"elementor-element elementor-element-16b742f3 elementor-section-boxed elementor-section-height-default elementor-section-height-default elementor-section elementor-top-section\" data-element_type=\"section\">\n\t\t\t\t\t\t<div class=\"elementor-container elementor-column-gap-default\">\n\t\t\t\t<div class=\"elementor-row\">\n\t\t\t\t<div data-id=\"733818c4\" class=\"elementor-element elementor-element-733818c4 elementor-column elementor-col-33 elementor-top-column\" data-element_type=\"column\">\n\t\t\t<div class=\"elementor-column-wrap  elementor-element-populated\">\n\t\t\t\t\t<div class=\"elementor-widget-wrap\">\n\t\t\t\t<div data-id=\"34b2068b\" class=\"elementor-element elementor-element-34b2068b elementor-widget elementor-widget-html\" data-element_type=\"html.default\">\n\t\t\t\t<div class=\"elementor-widget-container\">\n\t\t\t<img loading=\"lazy\" src=\"http:\/\/www.foldkerules.hu\/foldkerules\/mark.jpg\" alt=\"Vitorl\u00e1s f\u00f6ldker\u00fcl\u0151\" width=\"200\" height=\"300\">\t\t<\/div>\n\t\t\t\t<\/div>\n\t\t\t\t\t\t<\/div>\n\t\t\t<\/div>\n\t\t<\/div>\n\t\t\t\t<div data-id=\"21d81983\" class=\"elementor-element elementor-element-21d81983 elementor-column elementor-col-33 elementor-top-column\" data-element_type=\"column\">\n\t\t\t<div class=\"elementor-column-wrap  elementor-element-populated\">\n\t\t\t\t\t<div class=\"elementor-widget-wrap\">\n\t\t\t\t<div data-id=\"6086a221\" class=\"elementor-element elementor-element-6086a221 elementor-widget elementor-widget-text-editor\" data-element_type=\"text-editor.default\">\n\t\t\t\t<div class=\"elementor-widget-container\">\n\t\t\t\t\t<div class=\"elementor-text-editor elementor-clearfix\"><p><span class=\"kepkeretszoveg\"><strong>2008-ban<\/strong> k\u00f6rvonalaz\u00f3dott meg v\u00e9gleg egy F\u00f6ldker\u00fcl\u00e9s gondolata. A terv az volt, hogy 160 nap alatt ker\u00fclj\u00fck meg a F\u00f6ldet K\u00e9zdi R\u00e9k\u00e1val, egy mozg\u00e1ss\u00e9r\u00fclt l\u00e1nnyal, de a projekt egy nagy t\u00e1mogat\u00f3 elveszt\u00e9se miatt meghi\u00fasult. <br \/><strong>Az \u00fatra val\u00f3 felk\u00e9sz\u00fcl\u00e9s alatt \u201eszitu\u00e1ci\u00f3s gyakorlatk\u00e9nt\u201d fel\u00e1ll\u00edtottunk egy nem hivatalos rekordot: <em>23 nap kik\u00f6t\u00e9s n\u00e9lk\u00fcl a Balatonon.<\/em><\/strong><\/span><\/p><p><strong>2012-ben<\/strong> kik\u00f6lt\u00f6ztem Angli\u00e1ba, ahol szint\u00e9n haj\u00f3kkal foglalkoztam. <br \/><strong>2013-ban<\/strong> egy franciaorsz\u00e1gi haj\u00f3v\u00e1s\u00e1rl\u00e1s\u00e1n\u00e1l mint szak\u00e9rt\u0151 seg\u00edtettem, ezt a haj\u00f3t 2014-ben teljesen fel is \u00faj\u00edtottam. M\u00e9g ebben az \u00e9vben egy bar\u00e1tommal (aki vitorl\u00e1zni ugyan nem tud, de a lelkesed\u00e9se megvan hozz\u00e1) a franciaorsz\u00e1gi Perpignant\u00f3l Szic\u00edli\u00e1ig vitt\u00fck a haj\u00f3t, majd innen Ath\u00e9nig m\u00e1r egyed\u00fcl szeltem a vizet: p\u00e1r \u00e9v kihagy\u00e1s ut\u00e1n a tenger \u00fajra befogadott. <br \/><strong>2016-ban<\/strong> Swantit elakart\u00e1k hozni Ath\u00e9n Lavrion kik\u00f6t\u0151j\u00e9b\u0151l Horv\u00e1torsz\u00e1gba. Miut\u00e1n t\u00f6nkretett\u00e9k a motort \u00e9s elszaggatt\u00e1k az orrvitorl\u00e1t, a haj\u00f3 korm\u00e1nyosa otthagyta a haj\u00f3t egy illeg\u00e1lis kik\u00f6t\u0151ben. Ezt k\u00f6vet\u0151en kerestek meg a tulajdonosok \u00e9s k\u00e9rtek fel a haj\u00f3 el hozatal\u00e1ra. Szakadt vitorl\u00e1val, rossz motorral egy h\u00f3nap alatt el\u00e9rtem Horv\u00e1torsz\u00e1g Slano kik\u00f6t\u0151j\u00e9be. Szint\u00e9n egyed\u00fcl.<\/p><\/div>\n\t\t\t\t<\/div>\n\t\t\t\t<\/div>\n\t\t\t\t\t\t<\/div>\n\t\t\t<\/div>\n\t\t<\/div>\n\t\t\t\t<div data-id=\"729db0ee\" class=\"elementor-element elementor-element-729db0ee elementor-column elementor-col-33 elementor-top-column\" data-element_type=\"column\">\n\t\t\t<div class=\"elementor-column-wrap  elementor-element-populated\">\n\t\t\t\t\t<div class=\"elementor-widget-wrap\">\n\t\t\t\t<div data-id=\"53d06681\" class=\"elementor-element elementor-element-53d06681 elementor-widget elementor-widget-html\" data-element_type=\"html.default\">\n\t\t\t\t<div class=\"elementor-widget-container\">\n\t\t\t<a href=\"http:\/\/www.foldkerules.hu\/foldkerules_szponzoracio_reklam.html\"><img src=\"http:\/\/www.foldkerules.hu\/foldkerules\/media_szereples_vitorlas_foldkerules_gyermekek_tamogatasa.png\" class=\"megjelent_hirek_akik_hirt_adtak\" ><\/a>\n\t\t<\/div>\n\t\t\t\t<\/div>\n\t\t\t\t\t\t<\/div>\n\t\t\t<\/div>\n\t\t<\/div>\n\t\t\t\t\t\t<\/div>\n\t\t\t<\/div>\n\t\t<\/section>\n\t\t\t\t\t\t<\/div>\n\t\t\t<\/div>\n\t\t<\/div>\n\t\t","protected":false},"excerpt":{"rendered":"<p>L\u00e9gr\u00e1di M\u00e1rk 1978-ban sz\u00fclettem. Sz\u00fcleim r\u00e9v\u00e9n ismerkedtem meg a haj\u00f3z\u00e1s vil\u00e1g\u00e1val, \u00e9s ez a szerelem hat\u00e9ves korom \u00f3ta tart, az\u00f3ta vitorl\u00e1zok. (Optimist kishaj\u00f3, kal\u00f3z vitorl\u00e1s haj\u00f3, k\u00e9s\u00f5bb nagy haj\u00f3kkal.) 2000-ben megszereztem a tengeri \u201eB\u201d jogos\u00edtv\u00e1nyt, a k\u00f6vetkez\u00f5 \u00e9vekben 27\u201328 hetet t\u00f6lt\u00f6ttem tengeren: oktat\u00e1s, versenyek \u00e9s t\u00far\u00e1k k\u00f6vetkeztek. 2005-ben megszereztem a legmagasabb tengeri civil jogos\u00edtv\u00e1nyt a [&hellip;]<\/p>\n","protected":false},"author":1,"featured_media":0,"parent":0,"menu_order":0,"comment_status":"closed","ping_status":"closed","template":"","meta":[],"_links":{"self":[{"href":"https:\/\/foldkerules.hu\/wpfold\/wp-json\/wp\/v2\/pages\/159"}],"collection":[{"href":"https:\/\/foldkerules.hu\/wpfold\/wp-json\/wp\/v2\/pages"}],"about":[{"href":"https:\/\/foldkerules.hu\/wpfold\/wp-json\/wp\/v2\/types\/page"}],"author":[{"embeddable":true,"href":"https:\/\/foldkerules.hu\/wpfold\/wp-json\/wp\/v2\/users\/1"}],"replies":[{"embeddable":true,"href":"https:\/\/foldkerules.hu\/wpfold\/wp-json\/wp\/v2\/comments?post=159"}],"version-history":[{"count":9,"href":"https:\/\/foldkerules.hu\/wpfold\/wp-json\/wp\/v2\/pages\/159\/revisions"}],"predecessor-version":[{"id":171,"href":"https:\/\/foldkerules.hu\/wpfold\/wp-json\/wp\/v2\/pages\/159\/revisions\/171"}],"wp:attachment":[{"href":"https:\/\/foldkerules.hu\/wpfold\/wp-json\/wp\/v2\/media?parent=159"}],"curies":[{"name":"wp","href":"https:\/\/api.w.org\/{rel}","templated":true}]}}