{"id":172,"date":"2019-01-24T14:42:03","date_gmt":"2019-01-24T14:42:03","guid":{"rendered":"http:\/\/foldkerules.hu\/wpfold\/?page_id=172"},"modified":"2019-01-26T16:49:52","modified_gmt":"2019-01-26T16:49:52","slug":"terv","status":"publish","type":"page","link":"https:\/\/foldkerules.hu\/wpfold\/terv\/","title":{"rendered":"Tervek c\u00e9lok"},"content":{"rendered":"\t\t<div data-elementor-type=\"post\" data-elementor-id=\"172\" class=\"elementor elementor-172\" data-elementor-settings=\"[]\">\n\t\t\t<div class=\"elementor-inner\">\n\t\t\t\t<div class=\"elementor-section-wrap\">\n\t\t\t\t\t\t\t<section data-id=\"658f2a41\" class=\"elementor-element elementor-element-658f2a41 elementor-section-full_width elementor-section-height-full elementor-section-height-default elementor-section-items-middle elementor-section elementor-top-section\" data-settings=\"{&quot;background_background&quot;:&quot;classic&quot;}\" data-element_type=\"section\">\n\t\t\t\t\t\t\t<div class=\"elementor-background-overlay\"><\/div>\n\t\t\t\t\t\t\t<div class=\"elementor-container elementor-column-gap-default\">\n\t\t\t\t<div class=\"elementor-row\">\n\t\t\t\t<div data-id=\"3198a669\" class=\"elementor-element elementor-element-3198a669 elementor-column elementor-col-100 elementor-top-column\" data-element_type=\"column\">\n\t\t\t<div class=\"elementor-column-wrap\">\n\t\t\t\t\t<div class=\"elementor-widget-wrap\">\n\t\t\t\t\t\t<\/div>\n\t\t\t<\/div>\n\t\t<\/div>\n\t\t\t\t\t\t<\/div>\n\t\t\t<\/div>\n\t\t<\/section>\n\t\t\t\t<section data-id=\"1529a232\" class=\"elementor-element elementor-element-1529a232 elementor-section-boxed elementor-section-height-default elementor-section-height-default elementor-section elementor-top-section\" data-element_type=\"section\">\n\t\t\t\t\t\t<div class=\"elementor-container elementor-column-gap-default\">\n\t\t\t\t<div class=\"elementor-row\">\n\t\t\t\t<div data-id=\"32d06264\" class=\"elementor-element elementor-element-32d06264 elementor-column elementor-col-66 elementor-top-column\" data-element_type=\"column\">\n\t\t\t<div class=\"elementor-column-wrap\">\n\t\t\t\t\t<div class=\"elementor-widget-wrap\">\n\t\t\t\t\t\t<\/div>\n\t\t\t<\/div>\n\t\t<\/div>\n\t\t\t\t<div data-id=\"41b997fd\" class=\"elementor-element elementor-element-41b997fd elementor-column elementor-col-33 elementor-top-column\" data-element_type=\"column\">\n\t\t\t<div class=\"elementor-column-wrap  elementor-element-populated\">\n\t\t\t\t\t<div class=\"elementor-widget-wrap\">\n\t\t\t\t<div data-id=\"5ace5b10\" class=\"elementor-element elementor-element-5ace5b10 elementor-widget elementor-widget-html\" data-element_type=\"html.default\">\n\t\t\t\t<div class=\"elementor-widget-container\">\n\t\t\t<a href=\"http:\/\/www.foldkerules.hu\/\" target=\"_blank\"><img src=\"http:\/\/www.foldkerules.hu\/logok\/hu_flag.png\" class=\"hu_flag\" alt=\"Vitorl\u00e1s F\u00f6ldker\u00fcl\u00e9s\"><\/a>\n\n<a href=\"http:\/\/www.foldkerules.hu\/\" target=\"_blank\"><img src=\"http:\/\/www.foldkerules.hu\/logok\/en_flag.png\" class=\"en_flag\" alt=\"Sailing circumnavigation\"><\/a>\n\n<a href=\"http:\/\/www.foldkerules.hu\/deutsch\/segelfahrt_um_die_erde.html\" target=\"_blank\"><img src=\"http:\/\/www.foldkerules.hu\/logok\/de_flag.png\" class=\"de_flag\" alt=\"Segelfahrt um die Erde 2016-2019, Die Erdumseglung f\u00fcr ein edeles Ziel\"><\/a>\n\n<a href=\"http:\/\/www.foldkerules.hu\/espanol\/vuelta_al_mundo_a_vela.html\" target=\"_blank\"><img src=\"http:\/\/www.foldkerules.hu\/logok\/esp_flag.png\" class=\"esp_flag\" alt=\"Vuelta al Mundo a Vela 2016-2019!\"><\/a>\n\n<a href=\"http:\/\/www.foldkerules.hu\/translate_german_spanish_frenchrussian_italian.html\" target=\"_blank\"><img src=\"http:\/\/www.foldkerules.hu\/logok\/fr_flag.png\" class=\"fr_flag\" alt=\"Sailing circumnavigation\"><\/a>\n\n<a href=\"http:\/\/www.foldkerules.hu\/italiano\/giro_del_mondo_in_barca_a_vela.html\" target=\"_blank\"><img src=\"http:\/\/www.foldkerules.hu\/logok\/it_flag.png\" class=\"it_flag\" alt=\"Giro del mondo in barca a vela 2016-2019\"><\/a>\n\n<a href=\"http:\/\/www.foldkerules.hu\/translate_german_spanish_frenchrussian_italian.html\" target=\"_blank\"><img src=\"http:\/\/www.foldkerules.hu\/logok\/rus_flag.png\" class=\"rus_flag\" alt=\"Sailing circumnavigation\"><\/a>\n\t\t<\/div>\n\t\t\t\t<\/div>\n\t\t\t\t\t\t<\/div>\n\t\t\t<\/div>\n\t\t<\/div>\n\t\t\t\t\t\t<\/div>\n\t\t\t<\/div>\n\t\t<\/section>\n\t\t\t\t<section data-id=\"40c94dcc\" class=\"elementor-element elementor-element-40c94dcc elementor-section-boxed elementor-section-height-default elementor-section-height-default elementor-section elementor-top-section\" data-element_type=\"section\">\n\t\t\t\t\t\t<div class=\"elementor-container elementor-column-gap-default\">\n\t\t\t\t<div class=\"elementor-row\">\n\t\t\t\t<div data-id=\"7eab31dc\" class=\"elementor-element elementor-element-7eab31dc elementor-column elementor-col-66 elementor-top-column\" data-element_type=\"column\">\n\t\t\t<div class=\"elementor-column-wrap  elementor-element-populated\">\n\t\t\t\t\t<div class=\"elementor-widget-wrap\">\n\t\t\t\t<div data-id=\"37642975\" class=\"elementor-element elementor-element-37642975 elementor-widget elementor-widget-html\" data-element_type=\"html.default\">\n\t\t\t\t<div class=\"elementor-widget-container\">\n\t\t\t\n<a href=\"http:\/\/www.foldkerules.hu\/kabin_foglaltsag_szakaszok_kiirasa.php\" target=\"_blank\"><img src=\"http:\/\/www.foldkerules.hu\/reklamcsik\/interju.png\" class=\"reklam_1\"><\/a>\t\t<\/div>\n\t\t\t\t<\/div>\n\t\t\t\t<div data-id=\"5f1bf065\" class=\"elementor-element elementor-element-5f1bf065 elementor-widget elementor-widget-spacer\" data-element_type=\"spacer.default\">\n\t\t\t\t<div class=\"elementor-widget-container\">\n\t\t\t\t\t<div class=\"elementor-spacer\">\n\t\t\t<div class=\"elementor-spacer-inner\"><\/div>\n\t\t<\/div>\n\t\t\t\t<\/div>\n\t\t\t\t<\/div>\n\t\t\t\t<div data-id=\"395337f0\" class=\"elementor-element elementor-element-395337f0 elementor-widget elementor-widget-text-editor\" data-element_type=\"text-editor.default\">\n\t\t\t\t<div class=\"elementor-widget-container\">\n\t\t\t\t\t<div class=\"elementor-text-editor elementor-clearfix\"><p><span class=\"kepkeretszoveg\"><b>TENGERNYI MOSOLY: <a href=\"https:\/\/foldkerules.hu\/wpfold\/eletmento_mutetre_varo_gyermekek_adomanygyujtes_tamogatas.html\">Karitat\u00edv C\u00e9l \ud83d\ude42<\/a><\/b><br \/><br \/>Kedves \u00c9rdekl\u0151d\u0151 \u00e9s Leend\u0151 \u00datit\u00e1rsunk! <br \/><br \/>Ki ne \u00e1lmodozott volna \u00e9lete Nagy Kalandj\u00e1r\u00f3l, t\u00e1voli f\u00f6ldr\u00e9szekr\u0151l, tengerekr\u0151l, \u00f3ce\u00e1nokr\u00f3l, titokzatos \u00e9s egzotikus szigetekr\u0151l, orsz\u00e1gokr\u00f3l, v\u00e1rosokr\u00f3l, emberekr\u0151l, szok\u00e1sokr\u00f3l, hossz\u00fa \u00e9s izgalmas utaz\u00e1sokr\u00f3l, ki ne szerette volna \u00e1t\u00e9lni mindezt? <br \/><br \/>Sajnos legt\u00f6bb\u00fcnk sz\u00e1m\u00e1ra ez az \u00e1lom az is maradt: dolgos h\u00e9tk\u00f6znapok, munka, a mindennapok tapos\u00f3malma, csal\u00e1d, gyerekek, id\u0151- \u00e9s p\u00e9nzhi\u00e1ny, egysz\u00f3val a h\u00e9tk\u00f6znapok &#8220;kalandjain&#8221; t\u00fal csak a filmeken, k\u00f6nyveken kereszt\u00fcl \u00e9lhett\u00fck \u00e1t \u00e1lmainkat. <\/span><\/p><\/div>\n\t\t\t\t<\/div>\n\t\t\t\t<\/div>\n\t\t\t\t\t\t<\/div>\n\t\t\t<\/div>\n\t\t<\/div>\n\t\t\t\t<div data-id=\"26d22c24\" class=\"elementor-element elementor-element-26d22c24 elementor-column elementor-col-33 elementor-top-column\" data-element_type=\"column\">\n\t\t\t<div class=\"elementor-column-wrap  elementor-element-populated\">\n\t\t\t\t\t<div class=\"elementor-widget-wrap\">\n\t\t\t\t<div data-id=\"79b0326\" class=\"elementor-element elementor-element-79b0326 elementor-widget elementor-widget-html\" data-element_type=\"html.default\">\n\t\t\t\t<div class=\"elementor-widget-container\">\n\t\t\t<SCRIPT>\nvar Kepek = new Array(16);\nKepek[0] = \"http:\/\/www.foldkerules.hu\/foldkerules\/tamogatok_random0.png\";\nKepek[1] = \"http:\/\/www.foldkerules.hu\/foldkerules\/tamogatok_random0.png\";\nKepek[2] = \"http:\/\/www.foldkerules.hu\/foldkerules\/tamogatok_random0.png\";\nKepek[3] = \"http:\/\/www.foldkerules.hu\/foldkerules\/tamogatok_random0.png\";\nKepek[4] = \"http:\/\/www.foldkerules.hu\/foldkerules\/tamogatok_random1.png\";\nKepek[5] = \"http:\/\/www.foldkerules.hu\/foldkerules\/tamogatok_random2.png\";\nKepek[6] = \"http:\/\/www.foldkerules.hu\/foldkerules\/tamogatok_random3.png\";\nKepek[7] = \"http:\/\/www.foldkerules.hu\/foldkerules\/tamogatok_random4.png\";\nKepek[8] = \"http:\/\/www.foldkerules.hu\/foldkerules\/tamogatok_random5.png\";\nKepek[9] = \"http:\/\/www.foldkerules.hu\/foldkerules\/tamogatok_random6.png\";\nKepek[10] = \"http:\/\/www.foldkerules.hu\/foldkerules\/tamogatok_random7.png\";\nKepek[11] = \"http:\/\/www.foldkerules.hu\/foldkerules\/tamogatok_random8.png\";\nKepek[12] = \"http:\/\/www.foldkerules.hu\/foldkerules\/tamogatok_random9.png\";\nKepek[13] = \"http:\/\/www.foldkerules.hu\/foldkerules\/tamogatok_random10.png\";\nKepek[14] = \"http:\/\/www.foldkerules.hu\/foldkerules\/tamogatok_random11.png\";\nKepek[15] = \"http:\/\/www.foldkerules.hu\/foldkerules\/tamogatok_random12.png\";\nKepek[16] = \"http:\/\/www.foldkerules.hu\/foldkerules\/tamogatok_random13.png\";\nvar szlo = 0;\nfunction Kepcsere()\n{\nszlo = (szlo + 1) % 17;\ndocument.formocska.kepecske.src = Kepek[szlo];\nsetTimeout(\"Kepcsere()\",2000);\n\n\n}\n<\/SCRIPT>\n\n\n\n<a href=\"http:\/\/www.foldkerules.hu\/foldkerules_tamogatok.html\"><div class=\"css_slideshow\">\n<FORM name = formocska>\n<IMG Name=\"kepecske\" Src=\"foldkerules\/tamogatok_random.png\">\n<\/FORM>\n<SCRIPT>\nKepcsere();\n<\/SCRIPT>\n  <\/div> <\/a>\t\t<\/div>\n\t\t\t\t<\/div>\n\t\t\t\t<div data-id=\"1dfb6759\" class=\"elementor-element elementor-element-1dfb6759 elementor-widget elementor-widget-html\" data-element_type=\"html.default\">\n\t\t\t\t<div class=\"elementor-widget-container\">\n\t\t\t\n<a href=\"http:\/\/www.foldkerules.hu\/blog\/\" target=\"_blank\"><img src=\"http:\/\/www.foldkerules.hu\/foldkerules\/gyermekek_tamogatasa_friss_hirek_a_foldkerulesrol.png\" class=\"friss_hirek_blog\" ><\/a>\t\t<\/div>\n\t\t\t\t<\/div>\n\t\t\t\t\t\t<\/div>\n\t\t\t<\/div>\n\t\t<\/div>\n\t\t\t\t\t\t<\/div>\n\t\t\t<\/div>\n\t\t<\/section>\n\t\t\t\t<section data-id=\"13ad0a26\" class=\"elementor-element elementor-element-13ad0a26 elementor-section-boxed elementor-section-height-default elementor-section-height-default elementor-section elementor-top-section\" data-element_type=\"section\">\n\t\t\t\t\t\t<div class=\"elementor-container elementor-column-gap-default\">\n\t\t\t\t<div class=\"elementor-row\">\n\t\t\t\t<div data-id=\"702999f0\" class=\"elementor-element elementor-element-702999f0 elementor-column elementor-col-33 elementor-top-column\" data-element_type=\"column\">\n\t\t\t<div class=\"elementor-column-wrap  elementor-element-populated\">\n\t\t\t\t\t<div class=\"elementor-widget-wrap\">\n\t\t\t\t<div data-id=\"60597961\" class=\"elementor-element elementor-element-60597961 elementor-widget elementor-widget-html\" data-element_type=\"html.default\">\n\t\t\t\t<div class=\"elementor-widget-container\">\n\t\t\t<img loading=\"lazy\" src=\"http:\/\/www.foldkerules.hu\/foldkerules\/terv_1.jpg\" alt=\"Vitorl\u00e1s f\u00f6ldker\u00fcl\u0151\" width=\"200\" height=\"300\">\t\t<\/div>\n\t\t\t\t<\/div>\n\t\t\t\t<div data-id=\"e289746\" class=\"elementor-element elementor-element-e289746 elementor-widget elementor-widget-spacer\" data-element_type=\"spacer.default\">\n\t\t\t\t<div class=\"elementor-widget-container\">\n\t\t\t\t\t<div class=\"elementor-spacer\">\n\t\t\t<div class=\"elementor-spacer-inner\"><\/div>\n\t\t<\/div>\n\t\t\t\t<\/div>\n\t\t\t\t<\/div>\n\t\t\t\t<div data-id=\"cb20390\" class=\"elementor-element elementor-element-cb20390 elementor-widget elementor-widget-image\" data-element_type=\"image.default\">\n\t\t\t\t<div class=\"elementor-widget-container\">\n\t\t\t\t\t<div class=\"elementor-image\">\n\t\t\t\t\t\t\t\t\t\t<img src=\"https:\/\/foldkerules.hu\/wpfold\/wp-content\/uploads\/elementor\/thumbs\/terv_2-o2na6rwp7u1bd9vvkz28zs4djqntcgxec194yp5c54.jpg\" title=\"terv_2\" alt=\"terv_2\" \/>\t\t\t\t\t\t\t\t\t\t\t<\/div>\n\t\t\t\t<\/div>\n\t\t\t\t<\/div>\n\t\t\t\t\t\t<\/div>\n\t\t\t<\/div>\n\t\t<\/div>\n\t\t\t\t<div data-id=\"4df85514\" class=\"elementor-element elementor-element-4df85514 elementor-column elementor-col-33 elementor-top-column\" data-element_type=\"column\">\n\t\t\t<div class=\"elementor-column-wrap  elementor-element-populated\">\n\t\t\t\t\t<div class=\"elementor-widget-wrap\">\n\t\t\t\t<div data-id=\"1ee124bc\" class=\"elementor-element elementor-element-1ee124bc elementor-widget elementor-widget-text-editor\" data-element_type=\"text-editor.default\">\n\t\t\t\t<div class=\"elementor-widget-container\">\n\t\t\t\t\t<div class=\"elementor-text-editor elementor-clearfix\"><p><span class=\"kepkeretszoveg\">\u00c9n is ugyanebben a cip\u0151ben j\u00e1rtam eg\u00e9szen 2008-ig, amikor az agyamba f\u00e9szkelte mag\u00e1t egy gondolat, ami nem hagyott nyugodni \u00e9s \u00fagy \u00e9reztem meg kell tennem egy l\u00e9p\u00e9st, ami ak\u00e1r a Nagy Kaland els\u0151 l\u00e9p\u00e9se is lehet. Ezt k\u00f6vette a m\u00e1sodik l\u00e9p\u00e9s, ez a honlap, melynek bemutatkoz\u00f3 mondatait olvasod. \u0150szint\u00e9n sz\u00f3lva, er\u0151sen motiv\u00e1lt n\u00e9h\u00e1ny k\u00f6zelm\u00faltban l\u00e1tott film is, melyek nagy hat\u00e1ssal voltak r\u00e1m. Gondolok itt a B\u00e9k\u00e9s harcos \u00fatja \u00e9s a Walter Mitty titkos \u00e9lete c\u00edm\u0171 filmre Ben Stiller-el, melyek l\u00e9nyege, hogy az \u00e1lmainkat meg kell val\u00f3s\u00edtani, ki kell l\u00e9pni a h\u00e9tk\u00f6znapokb\u00f3l \u00e9s meg kell v\u00e1ltoztatni a saj\u00e1t sorsunkat, mert ha mi nem tessz\u00fck meg, akkor senki nem fogja megtenni helyett\u00fcnk! Egyre kevesebb id\u0151nk lesz arra, hogy megval\u00f3s\u00edtsuk azt, amit szeretn\u00e9nk. <br \/><br \/>Az utaz\u00e1s tervez\u00e9s\u00e9ben komolyan inspir\u00e1lt a Chichester, Moitessier, Jack London, Fa N\u00e1ndor\u00e9k, Kop\u00e1r Istv\u00e1n, Rakonczay G\u00e1bor\u00e9k vagy \u00e9ppen M\u00e9der \u00c1ron f\u00f6ldker\u00fcl\u00e9se a mini vitorl\u00e1ssal.<br \/><br \/>( A h\u00edres F\u00f6ld-ker\u00fcl\u0151 Chichester eml\u00e9kfala Londonban a haj\u00f3j\u00e1r\u00f3l elnevezett Gipsy Moth pub-ban ) <br \/><br \/>Nem a mag\u00e1nyos f\u00f6ldker\u00fcl\u0151k teljes\u00edtm\u00e9ny\u00e9t szeretn\u00e9m megism\u00e9telni \u00e9s nem is t\u00f6r\u00fcnk rekordra. Szeretn\u00e9m bemutatni azt, hogy akarater\u0151vel, sok munk\u00e1val, c\u00e9ltudatoss\u00e1ggal, egym\u00e1s ir\u00e1nti szeretettel k\u00e9pesek vagyunk megval\u00f3s\u00edtani az \u00e1lmainkat \u00e9s v\u00e9gig csin\u00e1lni egy nagy utaz\u00e1st, olyan \u00fatvonalon, ami nem a szok\u00e1sos &#8220;min\u00e9l gyorsabb&#8221; f\u00f6ldker\u00fcl\u0151 \u00fatvonal vagy a &#8220;k\u00e9nyelmesebb&#8221; de persze szint\u00e9n vesz\u00e9lyes kelet-nyugati k\u00e9t csatorn\u00e1t \u00e9rint\u0151 ir\u00e1ny. Hanem komoly vargabet\u0171kkel egy felfedez\u0151, vil\u00e1gmegismer\u0151, t\u00fara-f\u00f6ldker\u00fcl\u00e9sr\u0151l van sz\u00f3. Nem csak magamnak, de m\u00e1soknak is szeretn\u00e9k \u00e9lm\u00e9nyt ny\u00fajtani, ak\u00e1r vel\u00fcnk tart kisebb nagyobb szakaszon, ak\u00e1r csak sajt\u00f3n, interneten, filmeken k\u00f6veti utunkat \u00e9s \u00e9rdekl\u0151dik az \u00fat sor\u00e1n meg\u00e9lt kalandjaink, felfedez\u00e9seink ir\u00e1nt. <\/span><\/p><\/div>\n\t\t\t\t<\/div>\n\t\t\t\t<\/div>\n\t\t\t\t\t\t<\/div>\n\t\t\t<\/div>\n\t\t<\/div>\n\t\t\t\t<div data-id=\"640f7991\" class=\"elementor-element elementor-element-640f7991 elementor-column elementor-col-33 elementor-top-column\" data-element_type=\"column\">\n\t\t\t<div class=\"elementor-column-wrap  elementor-element-populated\">\n\t\t\t\t\t<div class=\"elementor-widget-wrap\">\n\t\t\t\t<div data-id=\"55b377ac\" class=\"elementor-element elementor-element-55b377ac elementor-widget elementor-widget-html\" data-element_type=\"html.default\">\n\t\t\t\t<div class=\"elementor-widget-container\">\n\t\t\t<a href=\"http:\/\/www.foldkerules.hu\/foldkerules_szponzoracio_reklam.html\"><img src=\"http:\/\/www.foldkerules.hu\/foldkerules\/media_szereples_vitorlas_foldkerules_gyermekek_tamogatasa.png\" class=\"megjelent_hirek_akik_hirt_adtak\" ><\/a>\n\t\t<\/div>\n\t\t\t\t<\/div>\n\t\t\t\t\t\t<\/div>\n\t\t\t<\/div>\n\t\t<\/div>\n\t\t\t\t\t\t<\/div>\n\t\t\t<\/div>\n\t\t<\/section>\n\t\t\t\t<section data-id=\"8d233d0\" class=\"elementor-element elementor-element-8d233d0 elementor-section-boxed elementor-section-height-default elementor-section-height-default elementor-section elementor-top-section\" data-element_type=\"section\">\n\t\t\t\t\t\t<div class=\"elementor-container elementor-column-gap-default\">\n\t\t\t\t<div class=\"elementor-row\">\n\t\t\t\t<div data-id=\"7eb5ae1\" class=\"elementor-element elementor-element-7eb5ae1 elementor-column elementor-col-100 elementor-top-column\" data-element_type=\"column\">\n\t\t\t<div class=\"elementor-column-wrap  elementor-element-populated\">\n\t\t\t\t\t<div class=\"elementor-widget-wrap\">\n\t\t\t\t<div data-id=\"6841528\" class=\"elementor-element elementor-element-6841528 elementor-widget elementor-widget-text-editor\" data-element_type=\"text-editor.default\">\n\t\t\t\t<div class=\"elementor-widget-container\">\n\t\t\t\t\t<div class=\"elementor-text-editor elementor-clearfix\"><p><span class=\"kepkeretszoveg\">A Nagy Kaland m\u00e1r r\u00e9gen a fejemben van, sokszor \u00e1tgondolva, tervezgetve, sz\u00e1molgatva, de valahogy sosem k\u00edv\u00e1nkozott ki ennyire bel\u0151lem, mint ahogy most. Meg akarom osztani veled, veled aki olvasod ezeket a sorokat \u00e9s tal\u00e1n ugyan\u00fagy gondolkodsz a fentiekr\u0151l ahogy \u00e9n, \u00e9s ugyan\u00fagy nem merted eddig megtenni azt a bizonyos els\u0151 l\u00e9p\u00e9st.<br \/>Most megteszem helyetted \u00e9s ennek ak\u00e1r Te is r\u00e9szese lehetsz, ez csak t\u0151led f\u00fcgg! <\/span><\/p><p><b>A tervezett utaz\u00e1s r\u00e9szletei:<\/b><\/p><p>&#8211; A F\u00f6ld megker\u00fcl\u00e9se egy erre az \u00fatra tervezett vitorl\u00e1ssal (45 l\u00e1b nagys\u00e1g\u00faval), biztons\u00e1gos felszerel\u00e9ssel. &#8211; biztons\u00e1gos, kik\u00f6t\u0151r\u0151l kik\u00f6t\u0151re halad\u00f3, nem id\u0151f\u00fcgg\u0151 utaz\u00e1s, vagyis tart ameddig tart, kb 3-3.5 \u00e9v k\u00f6z\u00f6tti a tervezett vissza\u00e9rkez\u00e9s, figyelembe v\u00e9ve az uralkod\u00f3 sz\u00e9l \u00e9s \u00e1raml\u00e1si viszonyokat is, minim\u00e1lis motoros k\u00f6zleked\u00e9ssel, a sz\u00e9l erej\u00e9t a legjobban \u00e9s legoptim\u00e1lisabban kihaszn\u00e1lva.<\/p><p>&#8211; Indul\u00e1s Budapestr\u0151l a Dun\u00e1n lefele, \u00e9s \u00e9rkez\u00e9s Budapestre a Dun\u00e1n fentr\u0151l.<\/p><p>Szeretn\u00e9k majd min\u00e9l t\u00f6bbet publik\u00e1lni, sz\u00edvesen \u00edrok, nyilatkozok a m\u00e9di\u00e1nak, \u00fajs\u00e1goknak, riportokat adok, folyamatosan dokument\u00e1lva az utaz\u00e1st. Blogot vezetek a felk\u00e9sz\u00fcl\u00e9sr\u0151l \u00e9s az \u00fat alatt, melyben nyomon k\u00eds\u00e9rhetitek a mindennapjaimat a haj\u00f3n.<\/p><p>Az eg\u00e9sz \u00faton v\u00e9gig kamer\u00e1val, f\u00e9nyk\u00e9pez\u0151g\u00e9ppel r\u00f6gz\u00edtek mindent. A profi f\u00e9nyk\u00e9pmin\u0151s\u00e9gek el\u00e9r\u00e9s\u00e9hez, Boros Ferenc Fot\u00f3m\u0171v\u00e9sz ad tov\u00e1bbk\u00e9pz\u00e9st. Szeretn\u00e9m bemutatni az \u00fat sor\u00e1n \u00e9rintett orsz\u00e1gokat, v\u00e1rosokat, szigeteket, idegenforgalmi szempontb\u00f3l, egy h\u00e9tk\u00f6znapi turista l\u00e1t\u00f3sz\u00f6g\u00e9b\u0151l is. Szeretn\u00e9k ezekr\u0151l a helyekr\u0151l min\u00e9l t\u00f6bbet megtudni, bemutatni, megmutatni, h\u00e9tk\u00f6znapi hasznos tan\u00e1csokat adni az oda l\u00e1togat\u00f3knak, bemutatva ak\u00e1r a mi \u00e9lm\u00e9nyeinket, botl\u00e1sainkat, megold\u00e1sainkat is.<\/p><p>Kalandjainkr\u00f3l, az \u00fatr\u00f3l k\u00f6nyvet \u00edrok majd. Nagyon fontosnak tartom a k\u00f6rnyezetv\u00e9delmet, szeretn\u00e9m bemutatni tapasztalataimat az \u00fat sor\u00e1n ezzel kapcsolatosan is \u00e9s persze ezen a t\u00e9ren \u00e9n is mindent megteszek majd (k\u00f6rnyezetbar\u00e1t mos\u00f3, mosogat\u00f3, mosd\u00f3szerek haszn\u00e1lata, az olajok, nem boml\u00f3 hullad\u00e9k gy\u0171jt\u00e9se, napelemek haszn\u00e1lata stb.).<\/p><p>Mint gyakorl\u00f3 \u00e9s a k\u00fcl\u00f6nb\u00f6z\u0151 nemzeti konyh\u00e1k ir\u00e1nt \u00e9rdekl\u0151d\u0151 hobby szak\u00e1cs, szeretn\u00e9m megismerni, megk\u00f3stolni \u00e9s bemutatni a helyi \u00edzeket \u00e9s azok elk\u00e9sz\u00edt\u00e9s\u00e9t egy k\u00e9pes, vide\u00f3s, \u00fati-szak\u00e1csk\u00f6nyvben. Szeretn\u00e9m megtapasztalni, felm\u00e9rni \u00e9s le\u00edrni az adott helyeken kaphat\u00f3 s\u00f6r\u00f6ket, borokat, egy\u00e9b jellemz\u0151 italokat is.<\/p><p>Tervezem felvenni a kapcsolatot az \u00faton az \u00e9rintett helyeken \u00e9l\u0151 magyarokkal, bemutatni hogyan \u00e9lnek, hogyan tudj\u00e1k meg\u0151rizni magyars\u00e1gukat \u00e9s milyen m\u00f3don k\u00f6t\u0151dnek sz\u00e1rmaz\u00e1sukhoz \u00e9s az anyaorsz\u00e1ghoz. Szeretn\u00e9m megismerni az adott hely magyar vonatkoz\u00e1s\u00fa t\u00f6rt\u00e9nelmi esem\u00e9nyeit, \u00e9rdekess\u00e9geit.<\/p><p>Motiv\u00e1ci\u00f3ink a nagy \u00fathoz avagy v\u00e1lasz a mi\u00e9rtre:<br \/>\u2022 <em><strong>\u00d6nmegval\u00f3s\u00edt\u00e1s<\/strong><\/em><br \/><em><strong>\u2022 Seg\u00edt\u0151k\u00e9szs\u00e9g<\/strong><\/em><br \/><em><strong>\u2022 Adom\u00e1nygy\u0171jt\u00e9s nemes, karitat\u00edv c\u00e9lra<\/strong><\/em><br \/><em><strong>\u2022 Kit\u00f6r\u00e9s a megszok\u00e1sb\u00f3l<\/strong><\/em><br \/><em><strong>\u2022 Szabads\u00e1gv\u00e1gy<\/strong><\/em><br \/><em><strong>\u2022 Kalandv\u00e1gy<\/strong><\/em><br \/><em><strong>\u2022 Term\u00e9szetszeretet \u00e9s k\u00f6rnyezetv\u00e9delem<\/strong><\/em><\/p><\/div>\n\t\t\t\t<\/div>\n\t\t\t\t<\/div>\n\t\t\t\t\t\t<\/div>\n\t\t\t<\/div>\n\t\t<\/div>\n\t\t\t\t\t\t<\/div>\n\t\t\t<\/div>\n\t\t<\/section>\n\t\t\t\t\t\t<\/div>\n\t\t\t<\/div>\n\t\t<\/div>\n\t\t","protected":false},"excerpt":{"rendered":"<p>TENGERNYI MOSOLY: Karitat\u00edv C\u00e9l \ud83d\ude42 Kedves \u00c9rdekl\u0151d\u0151 \u00e9s Leend\u0151 \u00datit\u00e1rsunk! Ki ne \u00e1lmodozott volna \u00e9lete Nagy Kalandj\u00e1r\u00f3l, t\u00e1voli f\u00f6ldr\u00e9szekr\u0151l, tengerekr\u0151l, \u00f3ce\u00e1nokr\u00f3l, titokzatos \u00e9s egzotikus szigetekr\u0151l, orsz\u00e1gokr\u00f3l, v\u00e1rosokr\u00f3l, emberekr\u0151l, szok\u00e1sokr\u00f3l, hossz\u00fa \u00e9s izgalmas utaz\u00e1sokr\u00f3l, ki ne szerette volna \u00e1t\u00e9lni mindezt? Sajnos legt\u00f6bb\u00fcnk sz\u00e1m\u00e1ra ez az \u00e1lom az is maradt: dolgos h\u00e9tk\u00f6znapok, munka, a mindennapok tapos\u00f3malma, csal\u00e1d, [&hellip;]<\/p>\n","protected":false},"author":1,"featured_media":0,"parent":0,"menu_order":0,"comment_status":"closed","ping_status":"closed","template":"","meta":[],"_links":{"self":[{"href":"https:\/\/foldkerules.hu\/wpfold\/wp-json\/wp\/v2\/pages\/172"}],"collection":[{"href":"https:\/\/foldkerules.hu\/wpfold\/wp-json\/wp\/v2\/pages"}],"about":[{"href":"https:\/\/foldkerules.hu\/wpfold\/wp-json\/wp\/v2\/types\/page"}],"author":[{"embeddable":true,"href":"https:\/\/foldkerules.hu\/wpfold\/wp-json\/wp\/v2\/users\/1"}],"replies":[{"embeddable":true,"href":"https:\/\/foldkerules.hu\/wpfold\/wp-json\/wp\/v2\/comments?post=172"}],"version-history":[{"count":14,"href":"https:\/\/foldkerules.hu\/wpfold\/wp-json\/wp\/v2\/pages\/172\/revisions"}],"predecessor-version":[{"id":497,"href":"https:\/\/foldkerules.hu\/wpfold\/wp-json\/wp\/v2\/pages\/172\/revisions\/497"}],"wp:attachment":[{"href":"https:\/\/foldkerules.hu\/wpfold\/wp-json\/wp\/v2\/media?parent=172"}],"curies":[{"name":"wp","href":"https:\/\/api.w.org\/{rel}","templated":true}]}}